{"id":6965,"date":"2023-03-06T15:23:07","date_gmt":"2023-03-06T15:23:07","guid":{"rendered":"https:\/\/rainbowmatosinhos.com\/?post_type=product&#038;p=6965"},"modified":"2023-03-06T15:44:18","modified_gmt":"2023-03-06T15:44:18","slug":"detergente-carpetes","status":"publish","type":"product","link":"http:\/\/rainbowmatosinhos.com\/index.php\/produto\/detergente-carpetes\/","title":{"rendered":"Detergente Carpetes"},"content":{"rendered":"","protected":false},"excerpt":{"rendered":"<p>Combina limpeza, recondicionamento, deodoriza\u00e7\u00e3o e protege, deixando as alcatifas com apar\u00eancia limpa e fresca.<\/p>\n","protected":false},"featured_media":6995,"comment_status":"closed","ping_status":"closed","template":"","meta":{"_mi_skip_tracking":false,"_ti_tpc_template_sync":false,"_ti_tpc_template_id":""},"product_cat":[53],"product_tag":[],"class_list":["post-6965","product","type-product","status-publish","has-post-thumbnail","hentry","product_cat-solucoes-de-limpeza"],"aioseo_notices":[],"featured_media_urls":{"thumbnail":["http:\/\/rainbowmatosinhos.com\/wp-content\/uploads\/2023\/03\/Aquamate_background-1-2-150x150.png",150,150,true],"medium":["http:\/\/rainbowmatosinhos.com\/wp-content\/uploads\/2023\/03\/Aquamate_background-1-2-300x300.png",300,300,true],"medium_large":["http:\/\/rainbowmatosinhos.com\/wp-content\/uploads\/2023\/03\/Aquamate_background-1-2-768x768.png",768,768,true],"large":["http:\/\/rainbowmatosinhos.com\/wp-content\/uploads\/2023\/03\/Aquamate_background-1-2-1024x1024.png",950,950,true],"1536x1536":["http:\/\/rainbowmatosinhos.com\/wp-content\/uploads\/2023\/03\/Aquamate_background-1-2-1536x1536.png",1536,1536,true],"2048x2048":["http:\/\/rainbowmatosinhos.com\/wp-content\/uploads\/2023\/03\/Aquamate_background-1-2-2048x2048.png",2048,2048,true],"inspiro-featured-image":["http:\/\/rainbowmatosinhos.com\/wp-content\/uploads\/2023\/03\/Aquamate_background-1-2-2000x2000.png",2000,2000,true],"inspiro-loop":["http:\/\/rainbowmatosinhos.com\/wp-content\/uploads\/2023\/03\/Aquamate_background-1-2-950x320.png",950,320,true],"inspiro-loop@2x":["http:\/\/rainbowmatosinhos.com\/wp-content\/uploads\/2023\/03\/Aquamate_background-1-2-1900x640.png",1900,640,true],"woocommerce_thumbnail":["http:\/\/rainbowmatosinhos.com\/wp-content\/uploads\/2023\/03\/Aquamate_background-1-2-300x300.png",300,300,true],"woocommerce_single":["http:\/\/rainbowmatosinhos.com\/wp-content\/uploads\/2023\/03\/Aquamate_background-1-2-600x600.png",600,600,true],"woocommerce_gallery_thumbnail":["http:\/\/rainbowmatosinhos.com\/wp-content\/uploads\/2023\/03\/Aquamate_background-1-2-100x100.png",100,100,true],"portfolio_item-thumbnail":["http:\/\/rainbowmatosinhos.com\/wp-content\/uploads\/2023\/03\/Aquamate_background-1-2-600x400.png",600,400,true],"portfolio_item-masonry":["http:\/\/rainbowmatosinhos.com\/wp-content\/uploads\/2023\/03\/Aquamate_background-1-2-600x600.png",600,600,true],"portfolio_item-thumbnail_cinema":["http:\/\/rainbowmatosinhos.com\/wp-content\/uploads\/2023\/03\/Aquamate_background-1-2-800x335.png",800,335,true],"portfolio_item-thumbnail_portrait":["http:\/\/rainbowmatosinhos.com\/wp-content\/uploads\/2023\/03\/Aquamate_background-1-2-600x900.png",600,900,true],"portfolio_item-thumbnail_square":["http:\/\/rainbowmatosinhos.com\/wp-content\/uploads\/2023\/03\/Aquamate_background-1-2-800x800.png",800,800,true]},"_links":{"self":[{"href":"http:\/\/rainbowmatosinhos.com\/index.php\/wp-json\/wp\/v2\/product\/6965","targetHints":{"allow":["GET"]}}],"collection":[{"href":"http:\/\/rainbowmatosinhos.com\/index.php\/wp-json\/wp\/v2\/product"}],"about":[{"href":"http:\/\/rainbowmatosinhos.com\/index.php\/wp-json\/wp\/v2\/types\/product"}],"replies":[{"embeddable":true,"href":"http:\/\/rainbowmatosinhos.com\/index.php\/wp-json\/wp\/v2\/comments?post=6965"}],"wp:featuredmedia":[{"embeddable":true,"href":"http:\/\/rainbowmatosinhos.com\/index.php\/wp-json\/wp\/v2\/media\/6995"}],"wp:attachment":[{"href":"http:\/\/rainbowmatosinhos.com\/index.php\/wp-json\/wp\/v2\/media?parent=6965"}],"wp:term":[{"taxonomy":"product_cat","embeddable":true,"href":"http:\/\/rainbowmatosinhos.com\/index.php\/wp-json\/wp\/v2\/product_cat?post=6965"},{"taxonomy":"product_tag","embeddable":true,"href":"http:\/\/rainbowmatosinhos.com\/index.php\/wp-json\/wp\/v2\/product_tag?post=6965"}],"curies":[{"name":"wp","href":"https:\/\/api.w.org\/{rel}","templated":true}]}}