{"id":6966,"date":"2023-03-06T15:23:07","date_gmt":"2023-03-06T15:23:07","guid":{"rendered":"https:\/\/rainbowmatosinhos.com\/?post_type=product&#038;p=6966"},"modified":"2023-03-06T15:44:18","modified_gmt":"2023-03-06T15:44:18","slug":"aquamate","status":"publish","type":"product","link":"http:\/\/rainbowmatosinhos.com\/index.php\/produto\/aquamate\/","title":{"rendered":"Aquamate"},"content":{"rendered":"","protected":false},"excerpt":{"rendered":"<p>Optimize a capacidade de limpeza do seu Rainbow ao usar o AquaMate. Quando usa o poder da limpeza natural \u00e0 base de \u00e1gua e a nossa solu\u00e7\u00e3o AquaMate \u201cCarpet Cleaner\u201d, especialmente formulada para limpar alcatifas, a escova AquaMate com a sua ac\u00e7\u00e3o girat\u00f3ria, de \u00e2ngulo grande, passa firmemente sobre as fibras da alcatifa, limpando e enxaguando totalmente.<\/p>\n<p>&#8211; Remove facilmente as manchas causadas por subst\u00e2ncias que n\u00e3o podem ser aspiradas, tais como graxa, \u00f3leos, l\u00edquidos derramadas e n\u00f3doas de animais de estima\u00e7\u00e3o;<br \/>\n&#8211; Limpa, recondiciona e desodoriza as alcatifas;<br \/>\n&#8211; Seca rapidamente.<\/p>\n","protected":false},"featured_media":6996,"comment_status":"closed","ping_status":"closed","template":"","meta":{"_mi_skip_tracking":false,"_ti_tpc_template_sync":false,"_ti_tpc_template_id":""},"product_cat":[54],"product_tag":[],"class_list":["post-6966","product","type-product","status-publish","has-post-thumbnail","hentry","product_cat-extras"],"aioseo_notices":[],"featured_media_urls":{"thumbnail":["http:\/\/rainbowmatosinhos.com\/wp-content\/uploads\/2023\/03\/SRX-AquaMate-with-Box-2-150x150.jpg",150,150,true],"medium":["http:\/\/rainbowmatosinhos.com\/wp-content\/uploads\/2023\/03\/SRX-AquaMate-with-Box-2-300x214.jpg",300,214,true],"medium_large":["http:\/\/rainbowmatosinhos.com\/wp-content\/uploads\/2023\/03\/SRX-AquaMate-with-Box-2-768x549.jpg",768,549,true],"large":["http:\/\/rainbowmatosinhos.com\/wp-content\/uploads\/2023\/03\/SRX-AquaMate-with-Box-2-1024x731.jpg",950,678,true],"1536x1536":["http:\/\/rainbowmatosinhos.com\/wp-content\/uploads\/2023\/03\/SRX-AquaMate-with-Box-2-1536x1097.jpg",1536,1097,true],"2048x2048":["http:\/\/rainbowmatosinhos.com\/wp-content\/uploads\/2023\/03\/SRX-AquaMate-with-Box-2-2048x1463.jpg",2048,1463,true],"inspiro-featured-image":["http:\/\/rainbowmatosinhos.com\/wp-content\/uploads\/2023\/03\/SRX-AquaMate-with-Box-2-2000x1429.jpg",2000,1429,true],"inspiro-loop":["http:\/\/rainbowmatosinhos.com\/wp-content\/uploads\/2023\/03\/SRX-AquaMate-with-Box-2-950x320.jpg",950,320,true],"inspiro-loop@2x":["http:\/\/rainbowmatosinhos.com\/wp-content\/uploads\/2023\/03\/SRX-AquaMate-with-Box-2-1900x640.jpg",1900,640,true],"woocommerce_thumbnail":["http:\/\/rainbowmatosinhos.com\/wp-content\/uploads\/2023\/03\/SRX-AquaMate-with-Box-2-300x300.jpg",300,300,true],"woocommerce_single":["http:\/\/rainbowmatosinhos.com\/wp-content\/uploads\/2023\/03\/SRX-AquaMate-with-Box-2-600x429.jpg",600,429,true],"woocommerce_gallery_thumbnail":["http:\/\/rainbowmatosinhos.com\/wp-content\/uploads\/2023\/03\/SRX-AquaMate-with-Box-2-100x100.jpg",100,100,true],"portfolio_item-thumbnail":["http:\/\/rainbowmatosinhos.com\/wp-content\/uploads\/2023\/03\/SRX-AquaMate-with-Box-2-600x400.jpg",600,400,true],"portfolio_item-masonry":["http:\/\/rainbowmatosinhos.com\/wp-content\/uploads\/2023\/03\/SRX-AquaMate-with-Box-2-600x429.jpg",600,429,true],"portfolio_item-thumbnail_cinema":["http:\/\/rainbowmatosinhos.com\/wp-content\/uploads\/2023\/03\/SRX-AquaMate-with-Box-2-800x335.jpg",800,335,true],"portfolio_item-thumbnail_portrait":["http:\/\/rainbowmatosinhos.com\/wp-content\/uploads\/2023\/03\/SRX-AquaMate-with-Box-2-600x900.jpg",600,900,true],"portfolio_item-thumbnail_square":["http:\/\/rainbowmatosinhos.com\/wp-content\/uploads\/2023\/03\/SRX-AquaMate-with-Box-2-800x800.jpg",800,800,true]},"_links":{"self":[{"href":"http:\/\/rainbowmatosinhos.com\/index.php\/wp-json\/wp\/v2\/product\/6966","targetHints":{"allow":["GET"]}}],"collection":[{"href":"http:\/\/rainbowmatosinhos.com\/index.php\/wp-json\/wp\/v2\/product"}],"about":[{"href":"http:\/\/rainbowmatosinhos.com\/index.php\/wp-json\/wp\/v2\/types\/product"}],"replies":[{"embeddable":true,"href":"http:\/\/rainbowmatosinhos.com\/index.php\/wp-json\/wp\/v2\/comments?post=6966"}],"wp:featuredmedia":[{"embeddable":true,"href":"http:\/\/rainbowmatosinhos.com\/index.php\/wp-json\/wp\/v2\/media\/6996"}],"wp:attachment":[{"href":"http:\/\/rainbowmatosinhos.com\/index.php\/wp-json\/wp\/v2\/media?parent=6966"}],"wp:term":[{"taxonomy":"product_cat","embeddable":true,"href":"http:\/\/rainbowmatosinhos.com\/index.php\/wp-json\/wp\/v2\/product_cat?post=6966"},{"taxonomy":"product_tag","embeddable":true,"href":"http:\/\/rainbowmatosinhos.com\/index.php\/wp-json\/wp\/v2\/product_tag?post=6966"}],"curies":[{"name":"wp","href":"https:\/\/api.w.org\/{rel}","templated":true}]}}