{"id":7010,"date":"2023-03-06T15:45:13","date_gmt":"2023-03-06T15:45:13","guid":{"rendered":"https:\/\/rainbowmatosinhos.com\/?post_type=product&#038;p=7010"},"modified":"2023-03-06T15:45:15","modified_gmt":"2023-03-06T15:45:15","slug":"suporte-acessorios-2","status":"publish","type":"product","link":"https:\/\/rainbowmatosinhos.com\/index.php\/produto\/suporte-acessorios-2\/","title":{"rendered":"Suporte Acess\u00f3rios"},"content":{"rendered":"","protected":false},"excerpt":{"rendered":"<p>Quando est\u00e1 a limpar e vai de um quarto para outro, pode levar no pr\u00e1tico porta-acess\u00f3rios todos os acess\u00f3rios que vai usar.<\/p>\n","protected":false},"featured_media":7004,"comment_status":"closed","ping_status":"closed","template":"","meta":{"_mi_skip_tracking":false,"_ti_tpc_template_sync":false,"_ti_tpc_template_id":""},"product_cat":[55],"product_tag":[],"class_list":["post-7010","product","type-product","status-publish","has-post-thumbnail","hentry","product_cat-acessorios"],"aioseo_notices":[],"featured_media_urls":{"thumbnail":["https:\/\/rainbowmatosinhos.com\/wp-content\/uploads\/2023\/03\/1092bf_cd81317ddb974b80a1486f53e9ff058b-1-150x150.jpg",150,150,true],"medium":["https:\/\/rainbowmatosinhos.com\/wp-content\/uploads\/2023\/03\/1092bf_cd81317ddb974b80a1486f53e9ff058b-1-300x300.jpg",300,300,true],"medium_large":["https:\/\/rainbowmatosinhos.com\/wp-content\/uploads\/2023\/03\/1092bf_cd81317ddb974b80a1486f53e9ff058b-1.jpg",400,400,false],"large":["https:\/\/rainbowmatosinhos.com\/wp-content\/uploads\/2023\/03\/1092bf_cd81317ddb974b80a1486f53e9ff058b-1.jpg",400,400,false],"1536x1536":["https:\/\/rainbowmatosinhos.com\/wp-content\/uploads\/2023\/03\/1092bf_cd81317ddb974b80a1486f53e9ff058b-1.jpg",400,400,false],"2048x2048":["https:\/\/rainbowmatosinhos.com\/wp-content\/uploads\/2023\/03\/1092bf_cd81317ddb974b80a1486f53e9ff058b-1.jpg",400,400,false],"inspiro-featured-image":["https:\/\/rainbowmatosinhos.com\/wp-content\/uploads\/2023\/03\/1092bf_cd81317ddb974b80a1486f53e9ff058b-1.jpg",400,400,false],"inspiro-loop":["https:\/\/rainbowmatosinhos.com\/wp-content\/uploads\/2023\/03\/1092bf_cd81317ddb974b80a1486f53e9ff058b-1-400x320.jpg",400,320,true],"inspiro-loop@2x":["https:\/\/rainbowmatosinhos.com\/wp-content\/uploads\/2023\/03\/1092bf_cd81317ddb974b80a1486f53e9ff058b-1.jpg",400,400,false],"woocommerce_thumbnail":["https:\/\/rainbowmatosinhos.com\/wp-content\/uploads\/2023\/03\/1092bf_cd81317ddb974b80a1486f53e9ff058b-1-300x300.jpg",300,300,true],"woocommerce_single":["https:\/\/rainbowmatosinhos.com\/wp-content\/uploads\/2023\/03\/1092bf_cd81317ddb974b80a1486f53e9ff058b-1.jpg",400,400,false],"woocommerce_gallery_thumbnail":["https:\/\/rainbowmatosinhos.com\/wp-content\/uploads\/2023\/03\/1092bf_cd81317ddb974b80a1486f53e9ff058b-1-100x100.jpg",100,100,true],"portfolio_item-thumbnail":["https:\/\/rainbowmatosinhos.com\/wp-content\/uploads\/2023\/03\/1092bf_cd81317ddb974b80a1486f53e9ff058b-1.jpg",400,400,false],"portfolio_item-masonry":["https:\/\/rainbowmatosinhos.com\/wp-content\/uploads\/2023\/03\/1092bf_cd81317ddb974b80a1486f53e9ff058b-1.jpg",400,400,false],"portfolio_item-thumbnail_cinema":["https:\/\/rainbowmatosinhos.com\/wp-content\/uploads\/2023\/03\/1092bf_cd81317ddb974b80a1486f53e9ff058b-1-400x335.jpg",400,335,true],"portfolio_item-thumbnail_portrait":["https:\/\/rainbowmatosinhos.com\/wp-content\/uploads\/2023\/03\/1092bf_cd81317ddb974b80a1486f53e9ff058b-1.jpg",400,400,false],"portfolio_item-thumbnail_square":["https:\/\/rainbowmatosinhos.com\/wp-content\/uploads\/2023\/03\/1092bf_cd81317ddb974b80a1486f53e9ff058b-1.jpg",400,400,false]},"_links":{"self":[{"href":"https:\/\/rainbowmatosinhos.com\/index.php\/wp-json\/wp\/v2\/product\/7010","targetHints":{"allow":["GET"]}}],"collection":[{"href":"https:\/\/rainbowmatosinhos.com\/index.php\/wp-json\/wp\/v2\/product"}],"about":[{"href":"https:\/\/rainbowmatosinhos.com\/index.php\/wp-json\/wp\/v2\/types\/product"}],"replies":[{"embeddable":true,"href":"https:\/\/rainbowmatosinhos.com\/index.php\/wp-json\/wp\/v2\/comments?post=7010"}],"wp:featuredmedia":[{"embeddable":true,"href":"https:\/\/rainbowmatosinhos.com\/index.php\/wp-json\/wp\/v2\/media\/7004"}],"wp:attachment":[{"href":"https:\/\/rainbowmatosinhos.com\/index.php\/wp-json\/wp\/v2\/media?parent=7010"}],"wp:term":[{"taxonomy":"product_cat","embeddable":true,"href":"https:\/\/rainbowmatosinhos.com\/index.php\/wp-json\/wp\/v2\/product_cat?post=7010"},{"taxonomy":"product_tag","embeddable":true,"href":"https:\/\/rainbowmatosinhos.com\/index.php\/wp-json\/wp\/v2\/product_tag?post=7010"}],"curies":[{"name":"wp","href":"https:\/\/api.w.org\/{rel}","templated":true}]}}