{"id":7079,"date":"2023-03-07T09:21:56","date_gmt":"2023-03-07T09:21:56","guid":{"rendered":"https:\/\/rainbowmatosinhos.com\/?post_type=product&#038;p=7079"},"modified":"2023-03-07T09:22:16","modified_gmt":"2023-03-07T09:22:16","slug":"fendas-e-frestas","status":"publish","type":"product","link":"https:\/\/rainbowmatosinhos.com\/index.php\/produto\/fendas-e-frestas\/","title":{"rendered":"Fendas e Frestas"},"content":{"rendered":"","protected":false},"excerpt":{"rendered":"<p>Use o bico de pato para limpar espa\u00e7os estreitos e apertados, tais como entre as sec\u00e7\u00f5es de radiadores de aquecimento, por baixo dos mesmos, \u00e0 volta do soalho e rodap\u00e9s.<\/p>\n","protected":false},"featured_media":7109,"comment_status":"closed","ping_status":"closed","template":"","meta":{"_mi_skip_tracking":false,"_ti_tpc_template_sync":false,"_ti_tpc_template_id":""},"product_cat":[55],"product_tag":[],"class_list":["post-7079","product","type-product","status-publish","has-post-thumbnail","hentry","product_cat-acessorios"],"aioseo_notices":[],"featured_media_urls":{"thumbnail":["https:\/\/rainbowmatosinhos.com\/wp-content\/uploads\/2023\/03\/ssawka-szczelinowa-krotka-150x150.jpg",150,150,true],"medium":["https:\/\/rainbowmatosinhos.com\/wp-content\/uploads\/2023\/03\/ssawka-szczelinowa-krotka-300x300.jpg",300,300,true],"medium_large":["https:\/\/rainbowmatosinhos.com\/wp-content\/uploads\/2023\/03\/ssawka-szczelinowa-krotka.jpg",400,400,false],"large":["https:\/\/rainbowmatosinhos.com\/wp-content\/uploads\/2023\/03\/ssawka-szczelinowa-krotka.jpg",400,400,false],"1536x1536":["https:\/\/rainbowmatosinhos.com\/wp-content\/uploads\/2023\/03\/ssawka-szczelinowa-krotka.jpg",400,400,false],"2048x2048":["https:\/\/rainbowmatosinhos.com\/wp-content\/uploads\/2023\/03\/ssawka-szczelinowa-krotka.jpg",400,400,false],"inspiro-featured-image":["https:\/\/rainbowmatosinhos.com\/wp-content\/uploads\/2023\/03\/ssawka-szczelinowa-krotka.jpg",400,400,false],"inspiro-loop":["https:\/\/rainbowmatosinhos.com\/wp-content\/uploads\/2023\/03\/ssawka-szczelinowa-krotka-400x320.jpg",400,320,true],"inspiro-loop@2x":["https:\/\/rainbowmatosinhos.com\/wp-content\/uploads\/2023\/03\/ssawka-szczelinowa-krotka.jpg",400,400,false],"woocommerce_thumbnail":["https:\/\/rainbowmatosinhos.com\/wp-content\/uploads\/2023\/03\/ssawka-szczelinowa-krotka-300x300.jpg",300,300,true],"woocommerce_single":["https:\/\/rainbowmatosinhos.com\/wp-content\/uploads\/2023\/03\/ssawka-szczelinowa-krotka.jpg",400,400,false],"woocommerce_gallery_thumbnail":["https:\/\/rainbowmatosinhos.com\/wp-content\/uploads\/2023\/03\/ssawka-szczelinowa-krotka-100x100.jpg",100,100,true],"portfolio_item-thumbnail":["https:\/\/rainbowmatosinhos.com\/wp-content\/uploads\/2023\/03\/ssawka-szczelinowa-krotka.jpg",400,400,false],"portfolio_item-masonry":["https:\/\/rainbowmatosinhos.com\/wp-content\/uploads\/2023\/03\/ssawka-szczelinowa-krotka.jpg",400,400,false],"portfolio_item-thumbnail_cinema":["https:\/\/rainbowmatosinhos.com\/wp-content\/uploads\/2023\/03\/ssawka-szczelinowa-krotka-400x335.jpg",400,335,true],"portfolio_item-thumbnail_portrait":["https:\/\/rainbowmatosinhos.com\/wp-content\/uploads\/2023\/03\/ssawka-szczelinowa-krotka.jpg",400,400,false],"portfolio_item-thumbnail_square":["https:\/\/rainbowmatosinhos.com\/wp-content\/uploads\/2023\/03\/ssawka-szczelinowa-krotka.jpg",400,400,false]},"_links":{"self":[{"href":"https:\/\/rainbowmatosinhos.com\/index.php\/wp-json\/wp\/v2\/product\/7079","targetHints":{"allow":["GET"]}}],"collection":[{"href":"https:\/\/rainbowmatosinhos.com\/index.php\/wp-json\/wp\/v2\/product"}],"about":[{"href":"https:\/\/rainbowmatosinhos.com\/index.php\/wp-json\/wp\/v2\/types\/product"}],"replies":[{"embeddable":true,"href":"https:\/\/rainbowmatosinhos.com\/index.php\/wp-json\/wp\/v2\/comments?post=7079"}],"wp:featuredmedia":[{"embeddable":true,"href":"https:\/\/rainbowmatosinhos.com\/index.php\/wp-json\/wp\/v2\/media\/7109"}],"wp:attachment":[{"href":"https:\/\/rainbowmatosinhos.com\/index.php\/wp-json\/wp\/v2\/media?parent=7079"}],"wp:term":[{"taxonomy":"product_cat","embeddable":true,"href":"https:\/\/rainbowmatosinhos.com\/index.php\/wp-json\/wp\/v2\/product_cat?post=7079"},{"taxonomy":"product_tag","embeddable":true,"href":"https:\/\/rainbowmatosinhos.com\/index.php\/wp-json\/wp\/v2\/product_tag?post=7079"}],"curies":[{"name":"wp","href":"https:\/\/api.w.org\/{rel}","templated":true}]}}